{"id":28,"date":"2025-07-24T16:59:15","date_gmt":"2025-07-24T13:59:15","guid":{"rendered":"http:\/\/localhost\/db60\/wordpress\/?page_id=28"},"modified":"2025-09-05T08:31:41","modified_gmt":"2025-09-05T05:31:41","slug":"taidekokoelman-esittely","status":"publish","type":"page","link":"https:\/\/wsoy-kirjallisuussaatio.fi\/taidekokoelma\/taidekokoelman-esittely\/","title":{"rendered":"Taidekokoelman esittely"},"content":{"rendered":"\n<p>WSOY:n kirjallisuuss\u00e4\u00e4ti\u00f6n taidekokoelma perustuu Werner S\u00f6derstr\u00f6m osakeyhti\u00f6n (perustettu vuonna 1878) hankkimaan kuvataiteeseen ja esineist\u00f6\u00f6n. Kustannustalo lahjoitti taidekokoelmansa s\u00e4\u00e4ti\u00f6lle vuonna 2008. S\u00e4\u00e4ti\u00f6 huolehtii kokoelmasta ja p\u00e4\u00e4tt\u00e4\u00e4 sen kartuttamisesta ja k\u00e4yt\u00f6st\u00e4. Nyky\u00e4\u00e4n osa taidekokoelman teoksista on n\u00e4ytteill\u00e4 L\u00f6nnrotinkadulla WSOY:n toimitiloissa. Aiemmin kokoelman teokset ovat olleet esill\u00e4 kustannusyhti\u00f6n toimitiloissa Porvoon kirjatalossa ja 1930-luvulta alkaen Helsingiss\u00e4 ensin osoitteessa Bulevardi 12, sek\u00e4 2010-luvulla Korkeavuorenkadulla WSOY:n ja kustannusosakeyhti\u00f6 Tammen toimitiloissa.<\/p>\n\n\n\n<p>Kuten useat muutkin yritykset, alkuun WSOY hankki Porvoon kirjatalon seinille l\u00e4hinn\u00e4 johtajiensa muotokuvia. Aluksi keskityttiin maalauksiin, mutta 1920-luvulta l\u00e4htien aloitettiin kirjailijamuotokuvien tilaaminen my\u00f6s kuvanveist\u00e4jilt\u00e4. Systemaattinen taidehankinta alkoi 1940-luvulla jatkosodan aikana kertyneen taloudellisen vaurauden my\u00f6t\u00e4 ja samaan ajankohtaan osuu my\u00f6s WSOY:n kirjallisuuss\u00e4\u00e4ti\u00f6n perustaminen. Vuosikymmeness\u00e4 kokoelma karttui yli sadalla muotokuvatilauksella.<\/p>\n\n\n\n<figure class=\"wp-block-image size-large\"><img loading=\"lazy\" decoding=\"async\" width=\"1024\" height=\"663\" src=\"http:\/\/localhost\/db60\/wordpress\/wp-content\/uploads\/2025\/07\/Puhetilaisuus-1024x663.jpg\" alt=\"\" class=\"wp-image-42\" srcset=\"https:\/\/wsoy-kirjallisuussaatio.fi\/taidekokoelma\/wp-content\/uploads\/2025\/07\/Puhetilaisuus-1024x663.jpg 1024w, https:\/\/wsoy-kirjallisuussaatio.fi\/taidekokoelma\/wp-content\/uploads\/2025\/07\/Puhetilaisuus-300x194.jpg 300w, https:\/\/wsoy-kirjallisuussaatio.fi\/taidekokoelma\/wp-content\/uploads\/2025\/07\/Puhetilaisuus-768x497.jpg 768w, https:\/\/wsoy-kirjallisuussaatio.fi\/taidekokoelma\/wp-content\/uploads\/2025\/07\/Puhetilaisuus-1536x994.jpg 1536w, https:\/\/wsoy-kirjallisuussaatio.fi\/taidekokoelma\/wp-content\/uploads\/2025\/07\/Puhetilaisuus-2048x1325.jpg 2048w\" sizes=\"auto, (max-width: 1024px) 100vw, 1024px\" \/><figcaption class=\"wp-element-caption\">WSOY:n p\u00e4\u00e4johtaja Yrj\u00f6 A. J\u00e4ntti ty\u00f6huoneessaan Bulevardilla vuonna 1953. Takanaan maalaukset (alkaen oikealta): Janis Rozent\u0101ls: Maila Talvio; Hanna Frosterus-Segerstr\u00e5le: Werner S\u00f6derstr\u00f6m ja Venny Soldan-Brofeldt: Kauppis-Heikki. Hyllyll\u00e4 veistokset: Essi Renvall: Helvi H\u00e4m\u00e4l\u00e4inen; W\u00e4in\u00f6 Aaltonen: Martti Haavio ja Jalmari J\u00e4ntti; Essi Renvall: Kaarlo Sarkia ja W\u00e4in\u00f6 Aaltonen: Maila Talvio. Kuva: WSOY, valokuva: R. Roos.<\/figcaption><\/figure>\n\n\n\n<p><\/p>\n\n\n\n<p>Kokoelman vanhimmat teokset ajoittuvat 1800-luvun loppupuolelle, mutta muuten se painottuu selv\u00e4sti 1900-luvun taiteeseen. P\u00e4\u00e4asiallisena hankintojen ideoijana toimi pitk\u00e4\u00e4n WSOY:n johtaja Yrj\u00f6 A. J\u00e4ntti. H\u00e4n l\u00f6ysi nuoria kuvanveist\u00e4ji\u00e4, joilta innostui hankkimaan lis\u00e4\u00e4 kirjailijamuotokuvia. J\u00e4ntin toimittamien, etenkin kuvataiteisiin keskittyvien julkaisujen kautta esiteltiin taidekokoelmaa ja sen taiteilijoita. Yritykselle hankkimansa taiteen lis\u00e4ksi J\u00e4ntti hankki yksityisen taidekokoelman. Yksityiskokoelmaansa h\u00e4n osti pienoisveistoksia l\u00e4hes kaikilta Suomen Kuvanveist\u00e4j\u00e4liiton j\u00e4senelt\u00e4, sill\u00e4 kuvanveisto oli h\u00e4nen suosikkitaidettaan. Yli tuhannen taideteoksen taidekokoelma kuuluu nyky\u00e4\u00e4n Porvoon kaupungille.<\/p>\n\n\n\n<p>WSOY:n taideteokset, etenkin muotokuvat tilattiin tai ostettiin tavallisesti suoraan taiteilijoilta. Lis\u00e4ksi kuvituskilpailujen tuloksena kokoelmaan on kertynyt paljon grafiikkaa. Viimeisen kahdenkymmenen vuoden aikana on ostettu teoksia toimitilojen seinille my\u00f6s helsinkil\u00e4isist\u00e4 taidegallerioista. Erikoisuuksia kokoelmassa edustavat Porvoon kirjatalon henkil\u00f6kunnasta teetetyt ns. ty\u00f6l\u00e4ismuotokuvat, hieno kooste V\u00e4in\u00f6 Kunnaksen muotokuvia Tulenkantajista, Essi Renvallilta tehty mittava pronssiveistosten tilaus, Tapani Raittilan maalaukset 1940-luvulta vuoteen 2000, kuvituskilpailujen tuloksena hankittu grafiikka sek\u00e4 yrityskokoelmat huomioon ottaen poikkeuksellisen laaja kooste veistotaidetta kirjailijamuotokuvien ja mitalien muodossa.<\/p>\n","protected":false},"excerpt":{"rendered":"<p>WSOY:n kirjallisuuss\u00e4\u00e4ti\u00f6n taidekokoelma perustuu Werner S\u00f6derstr\u00f6m osakeyhti\u00f6n (perustettu vuonna 1878) hankkimaan kuvataiteeseen ja esineist\u00f6\u00f6n. Kustannustalo lahjoitti taidekokoelmansa s\u00e4\u00e4ti\u00f6lle vuonna 2008. S\u00e4\u00e4ti\u00f6 huolehtii kokoelmasta ja p\u00e4\u00e4tt\u00e4\u00e4 sen kartuttamisesta ja k\u00e4yt\u00f6st\u00e4. Nyky\u00e4\u00e4n osa taidekokoelman teoksista on n\u00e4ytteill\u00e4 L\u00f6nnrotinkadulla WSOY:n toimitiloissa. Aiemmin kokoelman teokset ovat olleet esill\u00e4 kustannusyhti\u00f6n toimitiloissa Porvoon kirjatalossa ja 1930-luvulta alkaen Helsingiss\u00e4 ensin osoitteessa Bulevardi [&#8230;]<\/p>\n<p><a class=\"btn btn-secondary understrap-read-more-link\" href=\"https:\/\/wsoy-kirjallisuussaatio.fi\/taidekokoelma\/taidekokoelman-esittely\/\">Lue lis\u00e4\u00e4&#8230;<span class=\"screen-reader-text\"> from Taidekokoelman esittely<\/span><\/a><\/p>\n","protected":false},"author":1,"featured_media":0,"parent":0,"menu_order":0,"comment_status":"closed","ping_status":"closed","template":"page-templates\/ei_sivupalkkia.php","meta":{"footnotes":""},"class_list":["post-28","page","type-page","status-publish","hentry"],"_links":{"self":[{"href":"https:\/\/wsoy-kirjallisuussaatio.fi\/taidekokoelma\/wp-json\/wp\/v2\/pages\/28","targetHints":{"allow":["GET"]}}],"collection":[{"href":"https:\/\/wsoy-kirjallisuussaatio.fi\/taidekokoelma\/wp-json\/wp\/v2\/pages"}],"about":[{"href":"https:\/\/wsoy-kirjallisuussaatio.fi\/taidekokoelma\/wp-json\/wp\/v2\/types\/page"}],"author":[{"embeddable":true,"href":"https:\/\/wsoy-kirjallisuussaatio.fi\/taidekokoelma\/wp-json\/wp\/v2\/users\/1"}],"replies":[{"embeddable":true,"href":"https:\/\/wsoy-kirjallisuussaatio.fi\/taidekokoelma\/wp-json\/wp\/v2\/comments?post=28"}],"version-history":[{"count":5,"href":"https:\/\/wsoy-kirjallisuussaatio.fi\/taidekokoelma\/wp-json\/wp\/v2\/pages\/28\/revisions"}],"predecessor-version":[{"id":170,"href":"https:\/\/wsoy-kirjallisuussaatio.fi\/taidekokoelma\/wp-json\/wp\/v2\/pages\/28\/revisions\/170"}],"wp:attachment":[{"href":"https:\/\/wsoy-kirjallisuussaatio.fi\/taidekokoelma\/wp-json\/wp\/v2\/media?parent=28"}],"curies":[{"name":"wp","href":"https:\/\/api.w.org\/{rel}","templated":true}]}}