{"id":75,"date":"2025-09-04T22:50:44","date_gmt":"2025-09-04T19:50:44","guid":{"rendered":"http:\/\/localhost\/koodisivustot\/wsoy-kirjallisuussaatio\/taidewp\/index.php\/maalaukset\/"},"modified":"2025-09-12T09:18:05","modified_gmt":"2025-09-12T06:18:05","slug":"maalaukset","status":"publish","type":"page","link":"https:\/\/wsoy-kirjallisuussaatio.fi\/taidekokoelma\/teokset\/maalaukset\/","title":{"rendered":"Maalaukset"},"content":{"rendered":"<p>WSOY:n kirjallisuuss\u00e4\u00e4ti\u00f6n maalauskokoelmaan on luetteloitu 271 teosta. Teokset on luetteloitu t\u00e4ss\u00e4 aakkosj\u00e4rjestyksess\u00e4 tekij\u00e4n mukaan. Maalausmateriaaleja ovat \u00f6ljy, akryyli, akvarelli ja pastelli.<\/p>\n\n\n<p><\/p>\n","protected":false},"excerpt":{"rendered":"<p>WSOY:n kirjallisuuss\u00e4\u00e4ti\u00f6n maalauskokoelmaan on luetteloitu 271 teosta. Teokset on luetteloitu t\u00e4ss\u00e4 aakkosj\u00e4rjestyksess\u00e4 tekij\u00e4n mukaan. Maalausmateriaaleja ovat \u00f6ljy, akryyli, akvarelli ja pastelli. [&#8230;]<\/p>\n<p><a class=\"btn btn-secondary understrap-read-more-link\" href=\"https:\/\/wsoy-kirjallisuussaatio.fi\/taidekokoelma\/teokset\/maalaukset\/\">Lue lis\u00e4\u00e4&#8230;<span class=\"screen-reader-text\"> from Maalaukset<\/span><\/a><\/p>\n","protected":false},"author":1,"featured_media":0,"parent":25,"menu_order":0,"comment_status":"open","ping_status":"open","template":"page-templates\/teokset.php","meta":{"footnotes":""},"class_list":["post-75","page","type-page","status-publish","hentry"],"_links":{"self":[{"href":"https:\/\/wsoy-kirjallisuussaatio.fi\/taidekokoelma\/wp-json\/wp\/v2\/pages\/75","targetHints":{"allow":["GET"]}}],"collection":[{"href":"https:\/\/wsoy-kirjallisuussaatio.fi\/taidekokoelma\/wp-json\/wp\/v2\/pages"}],"about":[{"href":"https:\/\/wsoy-kirjallisuussaatio.fi\/taidekokoelma\/wp-json\/wp\/v2\/types\/page"}],"author":[{"embeddable":true,"href":"https:\/\/wsoy-kirjallisuussaatio.fi\/taidekokoelma\/wp-json\/wp\/v2\/users\/1"}],"replies":[{"embeddable":true,"href":"https:\/\/wsoy-kirjallisuussaatio.fi\/taidekokoelma\/wp-json\/wp\/v2\/comments?post=75"}],"version-history":[{"count":2,"href":"https:\/\/wsoy-kirjallisuussaatio.fi\/taidekokoelma\/wp-json\/wp\/v2\/pages\/75\/revisions"}],"predecessor-version":[{"id":1136,"href":"https:\/\/wsoy-kirjallisuussaatio.fi\/taidekokoelma\/wp-json\/wp\/v2\/pages\/75\/revisions\/1136"}],"up":[{"embeddable":true,"href":"https:\/\/wsoy-kirjallisuussaatio.fi\/taidekokoelma\/wp-json\/wp\/v2\/pages\/25"}],"wp:attachment":[{"href":"https:\/\/wsoy-kirjallisuussaatio.fi\/taidekokoelma\/wp-json\/wp\/v2\/media?parent=75"}],"curies":[{"name":"wp","href":"https:\/\/api.w.org\/{rel}","templated":true}]}}