{"id":76,"date":"2025-09-04T22:50:44","date_gmt":"2025-09-04T19:50:44","guid":{"rendered":"http:\/\/localhost\/koodisivustot\/wsoy-kirjallisuussaatio\/taidewp\/index.php\/veistokset-reliefit\/"},"modified":"2025-09-08T16:08:28","modified_gmt":"2025-09-08T13:08:28","slug":"veistokset-reliefit","status":"publish","type":"page","link":"https:\/\/wsoy-kirjallisuussaatio.fi\/taidekokoelma\/teokset\/veistokset-reliefit\/","title":{"rendered":"Veistokset &#038; reliefit"},"content":{"rendered":"<p>WSOY:n kirjallisuuss\u00e4\u00e4ti\u00f6n veistoskokoelmaan on luetteloitu 158 teosta. Teokset on luetteloitu t\u00e4ss\u00e4 aakkosj\u00e4rjestyksess\u00e4 tekij\u00e4n mukaan. Kokoelman veistosmateriaaleja ovat pronssi, marmori, graniitti, puu, keramiikka ja kipsi.<\/p>\n","protected":false},"excerpt":{"rendered":"<p>WSOY:n kirjallisuuss\u00e4\u00e4ti\u00f6n veistoskokoelmaan on luetteloitu 158 teosta. Teokset on luetteloitu t\u00e4ss\u00e4 aakkosj\u00e4rjestyksess\u00e4 tekij\u00e4n mukaan. Kokoelman veistosmateriaaleja ovat pronssi, marmori, graniitti, puu, keramiikka ja kipsi. [&#8230;]<\/p>\n<p><a class=\"btn btn-secondary understrap-read-more-link\" href=\"https:\/\/wsoy-kirjallisuussaatio.fi\/taidekokoelma\/teokset\/veistokset-reliefit\/\">Lue lis\u00e4\u00e4&#8230;<span class=\"screen-reader-text\"> from Veistokset &#038; reliefit<\/span><\/a><\/p>\n","protected":false},"author":1,"featured_media":0,"parent":25,"menu_order":0,"comment_status":"open","ping_status":"open","template":"page-templates\/teokset.php","meta":{"footnotes":""},"class_list":["post-76","page","type-page","status-publish","hentry"],"_links":{"self":[{"href":"https:\/\/wsoy-kirjallisuussaatio.fi\/taidekokoelma\/wp-json\/wp\/v2\/pages\/76","targetHints":{"allow":["GET"]}}],"collection":[{"href":"https:\/\/wsoy-kirjallisuussaatio.fi\/taidekokoelma\/wp-json\/wp\/v2\/pages"}],"about":[{"href":"https:\/\/wsoy-kirjallisuussaatio.fi\/taidekokoelma\/wp-json\/wp\/v2\/types\/page"}],"author":[{"embeddable":true,"href":"https:\/\/wsoy-kirjallisuussaatio.fi\/taidekokoelma\/wp-json\/wp\/v2\/users\/1"}],"replies":[{"embeddable":true,"href":"https:\/\/wsoy-kirjallisuussaatio.fi\/taidekokoelma\/wp-json\/wp\/v2\/comments?post=76"}],"version-history":[{"count":2,"href":"https:\/\/wsoy-kirjallisuussaatio.fi\/taidekokoelma\/wp-json\/wp\/v2\/pages\/76\/revisions"}],"predecessor-version":[{"id":1126,"href":"https:\/\/wsoy-kirjallisuussaatio.fi\/taidekokoelma\/wp-json\/wp\/v2\/pages\/76\/revisions\/1126"}],"up":[{"embeddable":true,"href":"https:\/\/wsoy-kirjallisuussaatio.fi\/taidekokoelma\/wp-json\/wp\/v2\/pages\/25"}],"wp:attachment":[{"href":"https:\/\/wsoy-kirjallisuussaatio.fi\/taidekokoelma\/wp-json\/wp\/v2\/media?parent=76"}],"curies":[{"name":"wp","href":"https:\/\/api.w.org\/{rel}","templated":true}]}}