{"id":77,"date":"2025-09-04T22:50:44","date_gmt":"2025-09-04T19:50:44","guid":{"rendered":"http:\/\/localhost\/koodisivustot\/wsoy-kirjallisuussaatio\/taidewp\/index.php\/grafiikka-piirrokset\/"},"modified":"2025-09-08T16:09:29","modified_gmt":"2025-09-08T13:09:29","slug":"grafiikka-piirrokset","status":"publish","type":"page","link":"https:\/\/wsoy-kirjallisuussaatio.fi\/taidekokoelma\/teokset\/grafiikka-piirrokset\/","title":{"rendered":"Grafiikka &#038; piirrokset"},"content":{"rendered":"<p>WSOY:n kirjallisuuss\u00e4\u00e4ti\u00f6n grafiikka- ja piirroskokoelmaan on luetteloitu 270 teosta. Teokset on luetteloitu t\u00e4ss\u00e4 aakkosj\u00e4rjestyksess\u00e4 tekij\u00e4n mukaan.<\/p>\n","protected":false},"excerpt":{"rendered":"<p>WSOY:n kirjallisuuss\u00e4\u00e4ti\u00f6n grafiikka- ja piirroskokoelmaan on luetteloitu 270 teosta. Teokset on luetteloitu t\u00e4ss\u00e4 aakkosj\u00e4rjestyksess\u00e4 tekij\u00e4n mukaan. [&#8230;]<\/p>\n<p><a class=\"btn btn-secondary understrap-read-more-link\" href=\"https:\/\/wsoy-kirjallisuussaatio.fi\/taidekokoelma\/teokset\/grafiikka-piirrokset\/\">Lue lis\u00e4\u00e4&#8230;<span class=\"screen-reader-text\"> from Grafiikka &#038; piirrokset<\/span><\/a><\/p>\n","protected":false},"author":1,"featured_media":0,"parent":25,"menu_order":0,"comment_status":"open","ping_status":"open","template":"page-templates\/teokset.php","meta":{"footnotes":""},"class_list":["post-77","page","type-page","status-publish","hentry"],"_links":{"self":[{"href":"https:\/\/wsoy-kirjallisuussaatio.fi\/taidekokoelma\/wp-json\/wp\/v2\/pages\/77","targetHints":{"allow":["GET"]}}],"collection":[{"href":"https:\/\/wsoy-kirjallisuussaatio.fi\/taidekokoelma\/wp-json\/wp\/v2\/pages"}],"about":[{"href":"https:\/\/wsoy-kirjallisuussaatio.fi\/taidekokoelma\/wp-json\/wp\/v2\/types\/page"}],"author":[{"embeddable":true,"href":"https:\/\/wsoy-kirjallisuussaatio.fi\/taidekokoelma\/wp-json\/wp\/v2\/users\/1"}],"replies":[{"embeddable":true,"href":"https:\/\/wsoy-kirjallisuussaatio.fi\/taidekokoelma\/wp-json\/wp\/v2\/comments?post=77"}],"version-history":[{"count":2,"href":"https:\/\/wsoy-kirjallisuussaatio.fi\/taidekokoelma\/wp-json\/wp\/v2\/pages\/77\/revisions"}],"predecessor-version":[{"id":1127,"href":"https:\/\/wsoy-kirjallisuussaatio.fi\/taidekokoelma\/wp-json\/wp\/v2\/pages\/77\/revisions\/1127"}],"up":[{"embeddable":true,"href":"https:\/\/wsoy-kirjallisuussaatio.fi\/taidekokoelma\/wp-json\/wp\/v2\/pages\/25"}],"wp:attachment":[{"href":"https:\/\/wsoy-kirjallisuussaatio.fi\/taidekokoelma\/wp-json\/wp\/v2\/media?parent=77"}],"curies":[{"name":"wp","href":"https:\/\/api.w.org\/{rel}","templated":true}]}}